{"id":1362,"date":"2024-06-24T09:54:29","date_gmt":"2024-06-24T09:54:29","guid":{"rendered":"https:\/\/leniddeplumes.com\/?page_id=1362"},"modified":"2025-02-13T19:29:46","modified_gmt":"2025-02-13T18:29:46","slug":"eco-responsibility","status":"publish","type":"page","link":"https:\/\/leniddeplumes.com\/en\/eco-responsibility\/","title":{"rendered":"Eco-responsibility"},"content":{"rendered":"<p><div class=\"fusion-fullwidth fullwidth-box fusion-builder-row-1 fusion-flex-container has-pattern-background has-mask-background fusion-parallax-none nonhundred-percent-fullwidth non-hundred-percent-height-scrolling\" style=\"--awb-background-position:right center;--awb-border-radius-top-left:0px;--awb-border-radius-top-right:0px;--awb-border-radius-bottom-right:0px;--awb-border-radius-bottom-left:0px;--awb-padding-top:110px;--awb-padding-bottom:110px;--awb-padding-top-medium:45px;--awb-padding-bottom-medium:72px;--awb-background-color:var(--awb-color7);--awb-background-image:linear-gradient(180deg, hsla(var(--awb-color5-h),var(--awb-color5-s),calc(var(--awb-color5-l) - 15%),calc(var(--awb-color5-a) - 80%)) 0%,hsla(var(--awb-color5-h),var(--awb-color5-s),calc(var(--awb-color5-l) - 15%),calc(var(--awb-color5-a) - 80%)) 100%),url(https:\/\/leniddeplumes.com\/wp-content\/uploads\/2023\/09\/ECO_VENUE_SQUIRREL.jpg);;--awb-background-size:1300px;--awb-flex-wrap:wrap;\" data-preload-img=\"https:\/\/leniddeplumes.com\/wp-content\/uploads\/2023\/09\/ECO_VENUE_SQUIRREL.jpg\" ><div class=\"awb-background-mask\" style=\"background-image:  url(data:image\/svg+xml;utf8,%3Csvg%20width%3D%221920%22%20height%3D%22954%22%20fill%3D%22none%22%20xmlns%3D%22http%3A%2F%2Fwww.w3.org%2F2000%2Fsvg%22%3E%3Cpath%20fill-rule%3D%22evenodd%22%20clip-rule%3D%22evenodd%22%20d%3D%22M1920%20445.163c-2.92%203.137-5.9%206.234-8.96%209.288-123.43%20123.436-316.13%20135.398-452.99%2035.887l245%20184.622c-116.76%20154.952-336.57%20186.262-490.94%2069.933-36.72-27.669-66.43-61.199-88.81-98.322l157.02%20271.978c-124.14%2071.672-282.874%2029.138-354.546-95.001-71.672-124.14-29.139-282.876%2094.996-354.548l95.91%20166.116c-64.81-117.365-58.83-267.08%2027.33-381.421l304.5%20229.454a353.453%20353.453%200%2001-32.44-28.698C1292.2%20330.576%201280.59%20136.947%201381.25%200H0v954h1920V445.163z%22%20fill%3D%22rgba%2830%2C41%2C38%2C1%29%22%2F%3E%3C%2Fsvg%3E);opacity: 1 ;transform: scale(1, -1);mix-blend-mode:normal;\"><\/div><div class=\"fusion-builder-row fusion-row fusion-flex-align-items-center fusion-flex-content-wrap\" style=\"max-width:1268.8px;margin-left: calc(-4% \/ 2 );margin-right: calc(-4% \/ 2 );\"><div class=\"fusion-layout-column fusion_builder_column fusion-builder-column-0 fusion_builder_column_2_3 2_3 fusion-flex-column fusion-animated\" style=\"--awb-bg-size:cover;--awb-width-large:66.666666666667%;--awb-margin-top-large:0px;--awb-spacing-right-large:9.36%;--awb-margin-bottom-large:0px;--awb-spacing-left-large:2.88%;--awb-width-medium:66.666666666667%;--awb-order-medium:0;--awb-spacing-right-medium:9.36%;--awb-spacing-left-medium:2.88%;--awb-width-small:100%;--awb-order-small:1;--awb-spacing-right-small:1.92%;--awb-spacing-left-small:1.92%;\" data-animationType=\"fadeInUp\" data-animationDuration=\"1.3\" data-animationOffset=\"top-into-view\"><div class=\"fusion-column-wrapper fusion-column-has-shadow fusion-flex-justify-content-flex-start fusion-content-layout-column\"><div class=\"fusion-title title fusion-title-1 fusion-sep-none fusion-title-text fusion-title-size-two\" style=\"--awb-text-color:var(--awb-color1);--awb-margin-top:0px;--awb-margin-top-small:10px;--awb-margin-right-small:0px;--awb-margin-bottom-small:10px;--awb-margin-left-small:0px;\"><h2 class=\"fusion-title-heading title-heading-left fusion-responsive-typography-calculated\" style=\"margin:0;--fontSize:50;line-height:var(--awb-typography1-line-height);\">Eco-responsibility<\/h2><\/div><div class=\"fusion-text fusion-text-1 fusion-text-no-margin\" style=\"--awb-font-size:var(--awb-typography4-font-size);--awb-line-height:var(--awb-typography4-line-height);--awb-letter-spacing:var(--awb-typography4-letter-spacing);--awb-text-transform:var(--awb-typography4-text-transform);--awb-text-color:var(--awb-color1);--awb-margin-right:25%;--awb-margin-bottom:0px;--awb-text-font-family:var(--awb-typography4-font-family);--awb-text-font-weight:var(--awb-typography4-font-weight);--awb-text-font-style:var(--awb-typography4-font-style);\"><p>We only have one planet and we should all be working to protect it.<\/p>\n<\/div><\/div><\/div><\/div><\/div><div class=\"fusion-fullwidth fullwidth-box fusion-builder-row-2 fusion-flex-container has-pattern-background has-mask-background nonhundred-percent-fullwidth non-hundred-percent-height-scrolling\" style=\"--awb-border-radius-top-left:0px;--awb-border-radius-top-right:0px;--awb-border-radius-bottom-right:0px;--awb-border-radius-bottom-left:0px;--awb-padding-top:120px;--awb-padding-bottom:120px;--awb-padding-top-medium:80px;--awb-padding-bottom-medium:80px;--awb-padding-bottom-small:80px;--awb-background-color:var(--awb-color1);--awb-flex-wrap:wrap;\" ><div class=\"fusion-builder-row fusion-row fusion-flex-align-items-flex-start fusion-flex-justify-content-center fusion-flex-content-wrap\" style=\"max-width:calc( 1220px + 90px );margin-left: calc(-90px \/ 2 );margin-right: calc(-90px \/ 2 );\"><div class=\"fusion-layout-column fusion_builder_column fusion-builder-column-1 fusion_builder_column_2_5 2_5 fusion-flex-column fusion-animated\" style=\"--awb-padding-top-medium:45px;--awb-padding-right-medium:30px;--awb-padding-bottom-medium:30px;--awb-padding-left-medium:30px;--awb-padding-right-small:27px;--awb-padding-left-small:20px;--awb-bg-size:cover;--awb-border-color:var(--awb-color7);--awb-border-style:solid;--awb-width-large:40%;--awb-margin-top-large:0px;--awb-spacing-right-large:45px;--awb-margin-bottom-large:0px;--awb-spacing-left-large:45px;--awb-width-medium:40%;--awb-order-medium:0;--awb-spacing-right-medium:45px;--awb-spacing-left-medium:45px;--awb-width-small:100%;--awb-order-small:0;--awb-spacing-right-small:45px;--awb-spacing-left-small:45px;\" data-animationType=\"fadeInUp\" data-animationDuration=\"1.3\" data-animationDelay=\"0.3\" data-animationOffset=\"top-into-view\" data-scroll-devices=\"small-visibility,medium-visibility,large-visibility\"><div class=\"fusion-column-wrapper fusion-column-has-shadow fusion-flex-justify-content-flex-start fusion-content-layout-column\"><div class=\"fusion-text fusion-text-2 fusion-text-no-margin\" style=\"--awb-margin-right:10%;--awb-margin-bottom:30px;\"><p>Everyone deserves to live in an environment that is inclusive, safe, resilient and sustainable. We strongly believe that working as a community with the businesses around us creates a bigger force for change. That\u2019s why our like-minded partners are meticulously chosen, and we continue to advocate supporting local wherever possible.<\/p>\n<\/div><\/div><\/div><div class=\"fusion-layout-column fusion_builder_column fusion-builder-column-2 fusion_builder_column_3_5 3_5 fusion-flex-column fusion-animated\" style=\"--awb-padding-top-medium:45px;--awb-padding-right-medium:30px;--awb-padding-bottom-medium:30px;--awb-padding-left-medium:30px;--awb-padding-right-small:27px;--awb-padding-left-small:20px;--awb-bg-size:cover;--awb-border-color:var(--awb-color7);--awb-border-style:solid;--awb-width-large:60%;--awb-margin-top-large:0px;--awb-spacing-right-large:45px;--awb-margin-bottom-large:0px;--awb-spacing-left-large:45px;--awb-width-medium:60%;--awb-order-medium:0;--awb-spacing-right-medium:45px;--awb-spacing-left-medium:45px;--awb-width-small:100%;--awb-order-small:0;--awb-spacing-right-small:45px;--awb-spacing-left-small:45px;\" data-animationType=\"fadeInUp\" data-animationDuration=\"1.3\" data-animationDelay=\"0.3\" data-animationOffset=\"top-into-view\" data-scroll-devices=\"small-visibility,medium-visibility,large-visibility\"><div class=\"fusion-column-wrapper fusion-column-has-shadow fusion-flex-justify-content-flex-start fusion-content-layout-column\">\n<div class=\"table-2\">\n<table width=\"100%\">\n<thead>\n<tr>\n<th align=\"left\">REUSE<\/th>\n<th align=\"left\">REDUCE<\/th>\n<th align=\"left\">RECYCLE<\/th>\n<th align=\"left\">PROTECT<\/th>\n<\/tr>\n<\/thead>\n<tbody>\n<tr>\n<td align=\"left\">Wooden dividers to make signage, tables, chairs, benches and bar<\/td>\n<td align=\"left\">Electricity: by using solar panels<\/td>\n<td align=\"left\">Wooden dividers to make signage, tables, chairs, benches and bar<\/td>\n<td align=\"left\">We encourage wildlife: squirrels, bees<\/td>\n<\/tr>\n<tr>\n<td align=\"left\"><\/td>\n<td align=\"left\">Water consumption: we save rain water in 3 underground tanks<\/td>\n<td align=\"left\">Recycled wooden dividers to make signage, tables, chairs, benches and bar<\/td>\n<td align=\"left\">We have a &#8216;green wall&#8217; which promotes a healthy indoor climate and purifies the air<\/td>\n<\/tr>\n<tr>\n<td align=\"left\"><\/td>\n<td align=\"left\">Heating costs: with the installation of a &#8216;green wall&#8217;<\/td>\n<td align=\"left\"><\/td>\n<td align=\"left\">Column 4 Value 3<\/td>\n<\/tr>\n<\/tbody>\n<\/table>\n<\/div>\n<\/div><\/div><\/div><\/div><\/p>\n","protected":false},"excerpt":{"rendered":"","protected":false},"author":2,"featured_media":0,"parent":0,"menu_order":0,"comment_status":"closed","ping_status":"closed","template":"100-width.php","meta":{"footnotes":""},"class_list":["post-1362","page","type-page","status-publish","hentry"],"yoast_head":"<!-- This site is optimized with the Yoast SEO Premium plugin v26.6 (Yoast SEO v27.3) - https:\/\/yoast.com\/product\/yoast-seo-premium-wordpress\/ -->\n<title>Eco-Responsibility - Le Nid de Plumes<\/title>\n<meta name=\"description\" content=\"Discover how Nid de Plumes in Vouill\u00e9, near Poitiers, integrates eco-responsibility into its venue through sustainable practices like solar energy, rainwater harvesting, and promoting local partnerships.\" \/>\n<meta name=\"robots\" content=\"noindex, follow\" \/>\n<meta property=\"og:locale\" content=\"en_US\" \/>\n<meta property=\"og:type\" content=\"article\" \/>\n<meta property=\"og:title\" content=\"Eco-responsibility\" \/>\n<meta property=\"og:description\" content=\"Discover how Nid de Plumes in Vouill\u00e9, near Poitiers, integrates eco-responsibility into its venue through sustainable practices like solar energy, rainwater harvesting, and promoting local partnerships.\" \/>\n<meta property=\"og:url\" content=\"https:\/\/leniddeplumes.com\/en\/eco-responsibility\/\" \/>\n<meta property=\"og:site_name\" content=\"LE NID DE PLUMES\" \/>\n<meta property=\"article:publisher\" content=\"https:\/\/www.facebook.com\/p\/Le-Nid-De-Plumes-61556772073903\/\" \/>\n<meta property=\"article:modified_time\" content=\"2025-02-13T18:29:46+00:00\" \/>\n<meta property=\"og:image\" content=\"https:\/\/leniddeplumes.com\/wp-content\/uploads\/2024\/10\/IMG_6440-2-scaled.jpg\" \/>\n\t<meta property=\"og:image:width\" content=\"1920\" \/>\n\t<meta property=\"og:image:height\" content=\"2560\" \/>\n\t<meta property=\"og:image:type\" content=\"image\/jpeg\" \/>\n<meta name=\"twitter:card\" content=\"summary_large_image\" \/>\n<meta name=\"twitter:label1\" content=\"Est. reading time\" \/>\n\t<meta name=\"twitter:data1\" content=\"1 minute\" \/>\n<script type=\"application\/ld+json\" class=\"yoast-schema-graph\">{\"@context\":\"https:\\\/\\\/schema.org\",\"@graph\":[{\"@type\":\"WebPage\",\"@id\":\"https:\\\/\\\/leniddeplumes.com\\\/en\\\/eco-responsibility\\\/\",\"url\":\"https:\\\/\\\/leniddeplumes.com\\\/en\\\/eco-responsibility\\\/\",\"name\":\"Eco-Responsibility - Le Nid de Plumes\",\"isPartOf\":{\"@id\":\"https:\\\/\\\/leniddeplumes.com\\\/en\\\/fr\\\/#website\"},\"datePublished\":\"2024-06-24T09:54:29+00:00\",\"dateModified\":\"2025-02-13T18:29:46+00:00\",\"description\":\"Discover how Nid de Plumes in Vouill\u00e9, near Poitiers, integrates eco-responsibility into its venue through sustainable practices like solar energy, rainwater harvesting, and promoting local partnerships.\",\"breadcrumb\":{\"@id\":\"https:\\\/\\\/leniddeplumes.com\\\/en\\\/eco-responsibility\\\/#breadcrumb\"},\"inLanguage\":\"en-US\",\"potentialAction\":[{\"@type\":\"ReadAction\",\"target\":[\"https:\\\/\\\/leniddeplumes.com\\\/en\\\/eco-responsibility\\\/\"]}]},{\"@type\":\"BreadcrumbList\",\"@id\":\"https:\\\/\\\/leniddeplumes.com\\\/en\\\/eco-responsibility\\\/#breadcrumb\",\"itemListElement\":[{\"@type\":\"ListItem\",\"position\":1,\"name\":\"Home\",\"item\":\"https:\\\/\\\/leniddeplumes.com\\\/en\\\/\"},{\"@type\":\"ListItem\",\"position\":2,\"name\":\"Eco-responsibility\"}]},{\"@type\":\"WebSite\",\"@id\":\"https:\\\/\\\/leniddeplumes.com\\\/en\\\/fr\\\/#website\",\"url\":\"https:\\\/\\\/leniddeplumes.com\\\/en\\\/fr\\\/\",\"name\":\"LE NID DE PLUMES\",\"description\":\"Venue, VOUILLE\",\"publisher\":{\"@id\":\"https:\\\/\\\/leniddeplumes.com\\\/en\\\/fr\\\/#organization\"},\"potentialAction\":[{\"@type\":\"SearchAction\",\"target\":{\"@type\":\"EntryPoint\",\"urlTemplate\":\"https:\\\/\\\/leniddeplumes.com\\\/en\\\/fr\\\/?s={search_term_string}\"},\"query-input\":{\"@type\":\"PropertyValueSpecification\",\"valueRequired\":true,\"valueName\":\"search_term_string\"}}],\"inLanguage\":\"en-US\"},{\"@type\":\"Organization\",\"@id\":\"https:\\\/\\\/leniddeplumes.com\\\/en\\\/fr\\\/#organization\",\"name\":\"LE NID DE PLUMES\",\"url\":\"https:\\\/\\\/leniddeplumes.com\\\/en\\\/fr\\\/\",\"logo\":{\"@type\":\"ImageObject\",\"inLanguage\":\"en-US\",\"@id\":\"https:\\\/\\\/leniddeplumes.com\\\/en\\\/fr\\\/#\\\/schema\\\/logo\\\/image\\\/\",\"url\":\"https:\\\/\\\/leniddeplumes.com\\\/wp-content\\\/uploads\\\/2025\\\/01\\\/Logo.jpeg\",\"contentUrl\":\"https:\\\/\\\/leniddeplumes.com\\\/wp-content\\\/uploads\\\/2025\\\/01\\\/Logo.jpeg\",\"width\":200,\"height\":200,\"caption\":\"LE NID DE PLUMES\"},\"image\":{\"@id\":\"https:\\\/\\\/leniddeplumes.com\\\/en\\\/fr\\\/#\\\/schema\\\/logo\\\/image\\\/\"},\"sameAs\":[\"https:\\\/\\\/www.facebook.com\\\/p\\\/Le-Nid-De-Plumes-61556772073903\\\/\",\"https:\\\/\\\/www.instagram.com\\\/leniddeplumes\\\/\"],\"description\":\"Le Nid de Plumes loue ses espaces de r\u00e9ception et organise vos r\u00e9ceptions, mariage et \u00e9v\u00e8nements d'entreprise. Caroline GARDINER vous accueil \u00e0 Vouill\u00e9, dans la Vienne, \u00e0 proximit\u00e9 de Poitiers, du Futuroscope, de la Vall\u00e9e des singes, Defiplanet, le parc de la belle et le cormenier\",\"email\":\"bonjour@leniddeplumes.com\",\"telephone\":\"07 83 09 02 00\",\"legalName\":\"PARTY PROFESSIONALS FRANCE\",\"foundingDate\":\"2024-07-01\",\"vatID\":\"FR22922081971\",\"taxID\":\"92208197100017\",\"numberOfEmployees\":{\"@type\":\"QuantitativeValue\",\"minValue\":\"1\",\"maxValue\":\"10\"},\"publishingPrinciples\":\"https:\\\/\\\/leniddeplumes.com\\\/about\\\/\",\"ownershipFundingInfo\":\"https:\\\/\\\/leniddeplumes.com\\\/about\\\/\"}]}<\/script>\n<!-- \/ Yoast SEO Premium plugin. -->","yoast_head_json":{"title":"Eco-Responsibility - Le Nid de Plumes","description":"Discover how Nid de Plumes in Vouill\u00e9, near Poitiers, integrates eco-responsibility into its venue through sustainable practices like solar energy, rainwater harvesting, and promoting local partnerships.","robots":{"index":"noindex","follow":"follow"},"og_locale":"en_US","og_type":"article","og_title":"Eco-responsibility","og_description":"Discover how Nid de Plumes in Vouill\u00e9, near Poitiers, integrates eco-responsibility into its venue through sustainable practices like solar energy, rainwater harvesting, and promoting local partnerships.","og_url":"https:\/\/leniddeplumes.com\/en\/eco-responsibility\/","og_site_name":"LE NID DE PLUMES","article_publisher":"https:\/\/www.facebook.com\/p\/Le-Nid-De-Plumes-61556772073903\/","article_modified_time":"2025-02-13T18:29:46+00:00","og_image":[{"width":1920,"height":2560,"url":"https:\/\/leniddeplumes.com\/wp-content\/uploads\/2024\/10\/IMG_6440-2-scaled.jpg","type":"image\/jpeg"}],"twitter_card":"summary_large_image","twitter_misc":{"Est. reading time":"1 minute"},"schema":{"@context":"https:\/\/schema.org","@graph":[{"@type":"WebPage","@id":"https:\/\/leniddeplumes.com\/en\/eco-responsibility\/","url":"https:\/\/leniddeplumes.com\/en\/eco-responsibility\/","name":"Eco-Responsibility - Le Nid de Plumes","isPartOf":{"@id":"https:\/\/leniddeplumes.com\/en\/fr\/#website"},"datePublished":"2024-06-24T09:54:29+00:00","dateModified":"2025-02-13T18:29:46+00:00","description":"Discover how Nid de Plumes in Vouill\u00e9, near Poitiers, integrates eco-responsibility into its venue through sustainable practices like solar energy, rainwater harvesting, and promoting local partnerships.","breadcrumb":{"@id":"https:\/\/leniddeplumes.com\/en\/eco-responsibility\/#breadcrumb"},"inLanguage":"en-US","potentialAction":[{"@type":"ReadAction","target":["https:\/\/leniddeplumes.com\/en\/eco-responsibility\/"]}]},{"@type":"BreadcrumbList","@id":"https:\/\/leniddeplumes.com\/en\/eco-responsibility\/#breadcrumb","itemListElement":[{"@type":"ListItem","position":1,"name":"Home","item":"https:\/\/leniddeplumes.com\/en\/"},{"@type":"ListItem","position":2,"name":"Eco-responsibility"}]},{"@type":"WebSite","@id":"https:\/\/leniddeplumes.com\/en\/fr\/#website","url":"https:\/\/leniddeplumes.com\/en\/fr\/","name":"LE NID DE PLUMES","description":"Venue, VOUILLE","publisher":{"@id":"https:\/\/leniddeplumes.com\/en\/fr\/#organization"},"potentialAction":[{"@type":"SearchAction","target":{"@type":"EntryPoint","urlTemplate":"https:\/\/leniddeplumes.com\/en\/fr\/?s={search_term_string}"},"query-input":{"@type":"PropertyValueSpecification","valueRequired":true,"valueName":"search_term_string"}}],"inLanguage":"en-US"},{"@type":"Organization","@id":"https:\/\/leniddeplumes.com\/en\/fr\/#organization","name":"LE NID DE PLUMES","url":"https:\/\/leniddeplumes.com\/en\/fr\/","logo":{"@type":"ImageObject","inLanguage":"en-US","@id":"https:\/\/leniddeplumes.com\/en\/fr\/#\/schema\/logo\/image\/","url":"https:\/\/leniddeplumes.com\/wp-content\/uploads\/2025\/01\/Logo.jpeg","contentUrl":"https:\/\/leniddeplumes.com\/wp-content\/uploads\/2025\/01\/Logo.jpeg","width":200,"height":200,"caption":"LE NID DE PLUMES"},"image":{"@id":"https:\/\/leniddeplumes.com\/en\/fr\/#\/schema\/logo\/image\/"},"sameAs":["https:\/\/www.facebook.com\/p\/Le-Nid-De-Plumes-61556772073903\/","https:\/\/www.instagram.com\/leniddeplumes\/"],"description":"Le Nid de Plumes loue ses espaces de r\u00e9ception et organise vos r\u00e9ceptions, mariage et \u00e9v\u00e8nements d'entreprise. Caroline GARDINER vous accueil \u00e0 Vouill\u00e9, dans la Vienne, \u00e0 proximit\u00e9 de Poitiers, du Futuroscope, de la Vall\u00e9e des singes, Defiplanet, le parc de la belle et le cormenier","email":"bonjour@leniddeplumes.com","telephone":"07 83 09 02 00","legalName":"PARTY PROFESSIONALS FRANCE","foundingDate":"2024-07-01","vatID":"FR22922081971","taxID":"92208197100017","numberOfEmployees":{"@type":"QuantitativeValue","minValue":"1","maxValue":"10"},"publishingPrinciples":"https:\/\/leniddeplumes.com\/about\/","ownershipFundingInfo":"https:\/\/leniddeplumes.com\/about\/"}]}},"_links":{"self":[{"href":"https:\/\/leniddeplumes.com\/en\/wp-json\/wp\/v2\/pages\/1362","targetHints":{"allow":["GET"]}}],"collection":[{"href":"https:\/\/leniddeplumes.com\/en\/wp-json\/wp\/v2\/pages"}],"about":[{"href":"https:\/\/leniddeplumes.com\/en\/wp-json\/wp\/v2\/types\/page"}],"author":[{"embeddable":true,"href":"https:\/\/leniddeplumes.com\/en\/wp-json\/wp\/v2\/users\/2"}],"replies":[{"embeddable":true,"href":"https:\/\/leniddeplumes.com\/en\/wp-json\/wp\/v2\/comments?post=1362"}],"version-history":[{"count":10,"href":"https:\/\/leniddeplumes.com\/en\/wp-json\/wp\/v2\/pages\/1362\/revisions"}],"predecessor-version":[{"id":3226,"href":"https:\/\/leniddeplumes.com\/en\/wp-json\/wp\/v2\/pages\/1362\/revisions\/3226"}],"wp:attachment":[{"href":"https:\/\/leniddeplumes.com\/en\/wp-json\/wp\/v2\/media?parent=1362"}],"curies":[{"name":"wp","href":"https:\/\/api.w.org\/{rel}","templated":true}]}}